{"id":147,"date":"2025-12-13T05:45:13","date_gmt":"2025-12-13T05:45:13","guid":{"rendered":"https:\/\/jerrylaplant842.previewmysite.online\/?page_id=147"},"modified":"2026-02-24T00:39:42","modified_gmt":"2026-02-24T00:39:42","slug":"post","status":"publish","type":"page","link":"https:\/\/jaymediahaiti.com\/index.php\/post\/","title":{"rendered":"Articles"},"content":{"rendered":"\t\t<div data-elementor-type=\"wp-page\" data-elementor-id=\"147\" class=\"elementor elementor-147\" data-elementor-post-type=\"page\">\n\t\t\t\t<div class=\"elementor-element elementor-element-7fdd1bfb e-flex e-con-boxed e-con e-parent\" data-id=\"7fdd1bfb\" data-element_type=\"container\" data-settings=\"{&quot;background_background&quot;:&quot;classic&quot;}\">\n\t\t\t\t\t<div class=\"e-con-inner\">\n\t\t<div class=\"elementor-element elementor-element-4007799e e-flex e-con-boxed elementor-invisible e-con e-child\" data-id=\"4007799e\" data-element_type=\"container\" data-settings=\"{&quot;background_background&quot;:&quot;classic&quot;,&quot;animation&quot;:&quot;fadeInUp&quot;}\">\n\t\t\t\t\t<div class=\"e-con-inner\">\n\t\t\t\t<div class=\"elementor-element elementor-element-46023642 elementor-widget elementor-widget-heading\" data-id=\"46023642\" data-element_type=\"widget\" data-widget_type=\"heading.default\">\n\t\t\t\t\t<h1 class=\"elementor-heading-title elementor-size-default\">Articles<\/h1>\t\t\t\t<\/div>\n\t\t\t\t<div class=\"elementor-element elementor-element-279cfb54 elementor-widget__width-initial elementor-widget elementor-widget-heading\" data-id=\"279cfb54\" data-element_type=\"widget\" data-widget_type=\"heading.default\">\n\t\t\t\t\t<h4 class=\"elementor-heading-title elementor-size-default\">Suivez toute l\u2019actualit\u00e9 du football et les derni\u00e8res nouveaut\u00e9s via nos articles.<\/h4>\t\t\t\t<\/div>\n\t\t\t\t\t<\/div>\n\t\t\t\t<\/div>\n\t\t\t\t\t<\/div>\n\t\t\t\t<\/div>\n\t\t<div class=\"elementor-element elementor-element-3facb3d e-flex e-con-boxed e-con e-child\" data-id=\"3facb3d\" data-element_type=\"container\">\n\t\t\t\t\t<div class=\"e-con-inner\">\n\t\t\t\t<div class=\"elementor-element elementor-element-0c2df29 elementor-invisible elementor-widget elementor-widget-heading\" data-id=\"0c2df29\" data-element_type=\"widget\" data-settings=\"{&quot;_animation&quot;:&quot;fadeInUp&quot;}\" data-widget_type=\"heading.default\">\n\t\t\t\t\t<h6 class=\"elementor-heading-title elementor-size-default\">Nos Articles<\/h6>\t\t\t\t<\/div>\n\t\t\t\t<div class=\"elementor-element elementor-element-f4f4bb8 elementor-widget__width-initial elementor-invisible elementor-widget elementor-widget-heading\" data-id=\"f4f4bb8\" data-element_type=\"widget\" data-settings=\"{&quot;_animation&quot;:&quot;fadeInUp&quot;}\" data-widget_type=\"heading.default\">\n\t\t\t\t\t<h2 class=\"elementor-heading-title elementor-size-default\">Plongez au c\u0153ur du football avec Jay Media<\/h2>\t\t\t\t<\/div>\n\t\t\t\t\t<\/div>\n\t\t\t\t<\/div>\n\t\t<div class=\"elementor-element elementor-element-fcbc26c e-flex e-con-boxed e-con e-parent\" data-id=\"fcbc26c\" data-element_type=\"container\">\n\t\t\t\t\t<div class=\"e-con-inner\">\n\t\t\t\t<div class=\"elementor-element elementor-element-2a42536 elementor-grid-3 elementor-grid-tablet-2 elementor-grid-mobile-1 elementor-posts--thumbnail-top elementor-widget elementor-widget-posts\" data-id=\"2a42536\" data-element_type=\"widget\" data-settings=\"{&quot;classic_columns&quot;:&quot;3&quot;,&quot;classic_columns_tablet&quot;:&quot;2&quot;,&quot;classic_columns_mobile&quot;:&quot;1&quot;,&quot;classic_row_gap&quot;:{&quot;unit&quot;:&quot;px&quot;,&quot;size&quot;:35,&quot;sizes&quot;:[]},&quot;classic_row_gap_tablet&quot;:{&quot;unit&quot;:&quot;px&quot;,&quot;size&quot;:&quot;&quot;,&quot;sizes&quot;:[]},&quot;classic_row_gap_mobile&quot;:{&quot;unit&quot;:&quot;px&quot;,&quot;size&quot;:&quot;&quot;,&quot;sizes&quot;:[]}}\" data-widget_type=\"posts.classic\">\n\t\t\t\t<div class=\"elementor-widget-container\">\n\t\t\t\t\t\t\t<div class=\"elementor-posts-container elementor-posts elementor-posts--skin-classic elementor-grid\" role=\"list\">\n\t\t\t\t<article class=\"elementor-post elementor-grid-item post-226 post type-post status-publish format-standard has-post-thumbnail hentry category-uncategorized\" role=\"listitem\">\n\t\t\t\t<a class=\"elementor-post__thumbnail__link\" href=\"https:\/\/jaymediahaiti.com\/index.php\/2026\/02\/23\/rising-young-talents-to-watch-in-world-football\/\" tabindex=\"-1\" >\n\t\t\t<div class=\"elementor-post__thumbnail\"><img fetchpriority=\"high\" decoding=\"async\" width=\"240\" height=\"300\" src=\"https:\/\/jaymediahaiti.com\/wp-content\/uploads\/2025\/12\/595205914_122157688436855815_2254050384654664182_n1-240x300.jpg\" class=\"attachment-medium size-medium wp-image-299\" alt=\"\" srcset=\"https:\/\/jaymediahaiti.com\/wp-content\/uploads\/2025\/12\/595205914_122157688436855815_2254050384654664182_n1-240x300.jpg 240w, https:\/\/jaymediahaiti.com\/wp-content\/uploads\/2025\/12\/595205914_122157688436855815_2254050384654664182_n1-819x1024.jpg 819w, https:\/\/jaymediahaiti.com\/wp-content\/uploads\/2025\/12\/595205914_122157688436855815_2254050384654664182_n1-768x960.jpg 768w, https:\/\/jaymediahaiti.com\/wp-content\/uploads\/2025\/12\/595205914_122157688436855815_2254050384654664182_n1.jpg 1080w\" sizes=\"(max-width: 240px) 100vw, 240px\" \/><\/div>\n\t\t<\/a>\n\t\t\t\t<div class=\"elementor-post__text\">\n\t\t\t\t<h3 class=\"elementor-post__title\">\n\t\t\t<a href=\"https:\/\/jaymediahaiti.com\/index.php\/2026\/02\/23\/rising-young-talents-to-watch-in-world-football\/\" >\n\t\t\t\tFrantzdy Pierrot : la star Haitienne valoris\u00e9e \u00e0 3 millions d\u2019euros.\t\t\t<\/a>\n\t\t<\/h3>\n\t\t\t\t<div class=\"elementor-post__meta-data\">\n\t\t\t\t\t<span class=\"elementor-post-date\">\n\t\t\tFebruary 23, 2026\t\t<\/span>\n\t\t\t\t<\/div>\n\t\t\t\t<div class=\"elementor-post__excerpt\">\n\t\t\t<p>Frantzdy Pierrot, attaquant de l\u2019AEK Ath\u00e8nes en Gr\u00e8ce, repr\u00e9sente la s\u00e9lection nationale depuis pr\u00e8s d\u2019une d\u00e9cennie. Selon Transfermarket, il est<\/p>\n\t\t<\/div>\n\t\t\n\t\t<a class=\"elementor-post__read-more\" href=\"https:\/\/jaymediahaiti.com\/index.php\/2026\/02\/23\/rising-young-talents-to-watch-in-world-football\/\" aria-label=\"Read more about Frantzdy Pierrot : la star Haitienne valoris\u00e9e \u00e0 3 millions d\u2019euros.\" tabindex=\"-1\" >\n\t\t\tLire Plus\u00bb\t\t<\/a>\n\n\t\t\t\t<\/div>\n\t\t\t\t<\/article>\n\t\t\t\t<article class=\"elementor-post elementor-grid-item post-224 post type-post status-publish format-standard has-post-thumbnail hentry category-uncategorized\" role=\"listitem\">\n\t\t\t\t<a class=\"elementor-post__thumbnail__link\" href=\"https:\/\/jaymediahaiti.com\/index.php\/2026\/02\/23\/the-importance-of-fitness-in-professional-football\/\" tabindex=\"-1\" >\n\t\t\t<div class=\"elementor-post__thumbnail\"><img decoding=\"async\" width=\"199\" height=\"300\" src=\"https:\/\/jaymediahaiti.com\/wp-content\/uploads\/2026\/02\/Pia_Sundhage_Jan_2013-199x300.jpeg\" class=\"attachment-medium size-medium wp-image-634\" alt=\"\" srcset=\"https:\/\/jaymediahaiti.com\/wp-content\/uploads\/2026\/02\/Pia_Sundhage_Jan_2013-199x300.jpeg 199w, https:\/\/jaymediahaiti.com\/wp-content\/uploads\/2026\/02\/Pia_Sundhage_Jan_2013.jpeg 250w\" sizes=\"(max-width: 199px) 100vw, 199px\" \/><\/div>\n\t\t<\/a>\n\t\t\t\t<div class=\"elementor-post__text\">\n\t\t\t\t<h3 class=\"elementor-post__title\">\n\t\t\t<a href=\"https:\/\/jaymediahaiti.com\/index.php\/2026\/02\/23\/the-importance-of-fitness-in-professional-football\/\" >\n\t\t\t\tPia Sundhage, nouveau s\u00e9lectionneur de la s\u00e9lection Ha\u00eftienne f\u00e9minine\t\t\t<\/a>\n\t\t<\/h3>\n\t\t\t\t<div class=\"elementor-post__meta-data\">\n\t\t\t\t\t<span class=\"elementor-post-date\">\n\t\t\tFebruary 23, 2026\t\t<\/span>\n\t\t\t\t<\/div>\n\t\t\t\t<div class=\"elementor-post__excerpt\">\n\t\t\t<p>C\u2019\u00e9tait dans les coulisses depuis quelques mois que la s\u00e9lection ha\u00eftienne recherchait un nouvel entra\u00eeneur\u2026 et oui, c\u2019est d\u00e9sormais officiel.<\/p>\n\t\t<\/div>\n\t\t\n\t\t<a class=\"elementor-post__read-more\" href=\"https:\/\/jaymediahaiti.com\/index.php\/2026\/02\/23\/the-importance-of-fitness-in-professional-football\/\" aria-label=\"Read more about Pia Sundhage, nouveau s\u00e9lectionneur de la s\u00e9lection Ha\u00eftienne f\u00e9minine\" tabindex=\"-1\" >\n\t\t\tLire Plus\u00bb\t\t<\/a>\n\n\t\t\t\t<\/div>\n\t\t\t\t<\/article>\n\t\t\t\t<article class=\"elementor-post elementor-grid-item post-418 post type-post status-publish format-standard has-post-thumbnail hentry category-uncategorized\" role=\"listitem\">\n\t\t\t\t<a class=\"elementor-post__thumbnail__link\" href=\"https:\/\/jaymediahaiti.com\/index.php\/2026\/02\/23\/sample-blog\/\" tabindex=\"-1\" >\n\t\t\t<div class=\"elementor-post__thumbnail\"><img decoding=\"async\" width=\"300\" height=\"200\" src=\"https:\/\/jaymediahaiti.com\/wp-content\/uploads\/2026\/02\/641530002_1646075183560571_8421216875281595618_n-1-300x200.jpg\" class=\"attachment-medium size-medium wp-image-635\" alt=\"\" srcset=\"https:\/\/jaymediahaiti.com\/wp-content\/uploads\/2026\/02\/641530002_1646075183560571_8421216875281595618_n-1-300x200.jpg 300w, https:\/\/jaymediahaiti.com\/wp-content\/uploads\/2026\/02\/641530002_1646075183560571_8421216875281595618_n-1-1024x681.jpg 1024w, https:\/\/jaymediahaiti.com\/wp-content\/uploads\/2026\/02\/641530002_1646075183560571_8421216875281595618_n-1-768x511.jpg 768w, https:\/\/jaymediahaiti.com\/wp-content\/uploads\/2026\/02\/641530002_1646075183560571_8421216875281595618_n-1-1536x1022.jpg 1536w, https:\/\/jaymediahaiti.com\/wp-content\/uploads\/2026\/02\/641530002_1646075183560571_8421216875281595618_n-1.jpg 2048w\" sizes=\"(max-width: 300px) 100vw, 300px\" \/><\/div>\n\t\t<\/a>\n\t\t\t\t<div class=\"elementor-post__text\">\n\t\t\t\t<h3 class=\"elementor-post__title\">\n\t\t\t<a href=\"https:\/\/jaymediahaiti.com\/index.php\/2026\/02\/23\/sample-blog\/\" >\n\t\t\t\tLa S\u00e9lection U20 en qu\u00eate d\u2019une qualification pour la Coupe du Monde\t\t\t<\/a>\n\t\t<\/h3>\n\t\t\t\t<div class=\"elementor-post__meta-data\">\n\t\t\t\t\t<span class=\"elementor-post-date\">\n\t\t\tFebruary 23, 2026\t\t<\/span>\n\t\t\t\t<\/div>\n\t\t\t\t<div class=\"elementor-post__excerpt\">\n\t\t\t<p>La S\u00e9lection U20 s\u2019envolera le mardi 25 f\u00e9vrier en direction de Cura\u00e7ao pour disputer la premi\u00e8re phase des \u00e9liminatoires de<\/p>\n\t\t<\/div>\n\t\t\n\t\t<a class=\"elementor-post__read-more\" href=\"https:\/\/jaymediahaiti.com\/index.php\/2026\/02\/23\/sample-blog\/\" aria-label=\"Read more about La S\u00e9lection U20 en qu\u00eate d\u2019une qualification pour la Coupe du Monde\" tabindex=\"-1\" >\n\t\t\tLire Plus\u00bb\t\t<\/a>\n\n\t\t\t\t<\/div>\n\t\t\t\t<\/article>\n\t\t\t\t<\/div>\n\t\t\n\t\t\t\t\t\t<\/div>\n\t\t\t\t<\/div>\n\t\t\t\t\t<\/div>\n\t\t\t\t<\/div>\n\t\t\t\t<\/div>\n\t\t","protected":false},"excerpt":{"rendered":"<p>Suivez toute l\u2019actualit\u00e9 du football et les derni\u00e8res nouveaut\u00e9s via nos articles. Nos Articles Plongez au c\u0153ur du football avec [&hellip;]<\/p>\n","protected":false},"author":1,"featured_media":0,"parent":0,"menu_order":0,"comment_status":"closed","ping_status":"closed","template":"","meta":{"site-sidebar-layout":"no-sidebar","site-content-layout":"","ast-site-content-layout":"full-width-container","site-content-style":"default","site-sidebar-style":"default","ast-global-header-display":"","ast-banner-title-visibility":"","ast-main-header-display":"","ast-hfb-above-header-display":"","ast-hfb-below-header-display":"","ast-hfb-mobile-header-display":"","site-post-title":"disabled","ast-breadcrumbs-content":"","ast-featured-img":"disabled","footer-sml-layout":"","ast-disable-related-posts":"","theme-transparent-header-meta":"","adv-header-id-meta":"","stick-header-meta":"","header-above-stick-meta":"","header-main-stick-meta":"","header-below-stick-meta":"","astra-migrate-meta-layouts":"default","ast-page-background-enabled":"default","ast-page-background-meta":{"desktop":{"background-color":"var(--ast-global-color-5)","background-image":"","background-repeat":"repeat","background-position":"center center","background-size":"auto","background-attachment":"scroll","background-type":"","background-media":"","overlay-type":"","overlay-color":"","overlay-opacity":"","overlay-gradient":""},"tablet":{"background-color":"","background-image":"","background-repeat":"repeat","background-position":"center center","background-size":"auto","background-attachment":"scroll","background-type":"","background-media":"","overlay-type":"","overlay-color":"","overlay-opacity":"","overlay-gradient":""},"mobile":{"background-color":"","background-image":"","background-repeat":"repeat","background-position":"center center","background-size":"auto","background-attachment":"scroll","background-type":"","background-media":"","overlay-type":"","overlay-color":"","overlay-opacity":"","overlay-gradient":""}},"ast-content-background-meta":{"desktop":{"background-color":"var(--ast-global-color-4)","background-image":"","background-repeat":"repeat","background-position":"center center","background-size":"auto","background-attachment":"scroll","background-type":"","background-media":"","overlay-type":"","overlay-color":"","overlay-opacity":"","overlay-gradient":""},"tablet":{"background-color":"var(--ast-global-color-4)","background-image":"","background-repeat":"repeat","background-position":"center center","background-size":"auto","background-attachment":"scroll","background-type":"","background-media":"","overlay-type":"","overlay-color":"","overlay-opacity":"","overlay-gradient":""},"mobile":{"background-color":"var(--ast-global-color-4)","background-image":"","background-repeat":"repeat","background-position":"center center","background-size":"auto","background-attachment":"scroll","background-type":"","background-media":"","overlay-type":"","overlay-color":"","overlay-opacity":"","overlay-gradient":""}},"footnotes":""},"class_list":["post-147","page","type-page","status-publish","hentry"],"_links":{"self":[{"href":"https:\/\/jaymediahaiti.com\/index.php\/wp-json\/wp\/v2\/pages\/147","targetHints":{"allow":["GET"]}}],"collection":[{"href":"https:\/\/jaymediahaiti.com\/index.php\/wp-json\/wp\/v2\/pages"}],"about":[{"href":"https:\/\/jaymediahaiti.com\/index.php\/wp-json\/wp\/v2\/types\/page"}],"author":[{"embeddable":true,"href":"https:\/\/jaymediahaiti.com\/index.php\/wp-json\/wp\/v2\/users\/1"}],"replies":[{"embeddable":true,"href":"https:\/\/jaymediahaiti.com\/index.php\/wp-json\/wp\/v2\/comments?post=147"}],"version-history":[{"count":39,"href":"https:\/\/jaymediahaiti.com\/index.php\/wp-json\/wp\/v2\/pages\/147\/revisions"}],"predecessor-version":[{"id":625,"href":"https:\/\/jaymediahaiti.com\/index.php\/wp-json\/wp\/v2\/pages\/147\/revisions\/625"}],"wp:attachment":[{"href":"https:\/\/jaymediahaiti.com\/index.php\/wp-json\/wp\/v2\/media?parent=147"}],"curies":[{"name":"wp","href":"https:\/\/api.w.org\/{rel}","templated":true}]}}